{"id":22,"date":"2025-03-15T21:48:34","date_gmt":"2025-03-15T20:48:34","guid":{"rendered":"https:\/\/www.laplateformedudebarras.fr\/index.php\/front_page\/"},"modified":"2025-03-16T15:44:41","modified_gmt":"2025-03-16T14:44:41","slug":"front_page","status":"publish","type":"page","link":"https:\/\/www.laplateformedudebarras.fr\/","title":{"rendered":"Accueil"},"content":{"rendered":"\n\n\n<p><\/p>\n","protected":false},"excerpt":{"rendered":"","protected":false},"author":1,"featured_media":0,"parent":0,"menu_order":0,"comment_status":"closed","ping_status":"closed","template":"","meta":{"saved_in_kubio":true,"footnotes":""},"class_list":["post-22","page","type-page","status-publish","hentry"],"kubio_ai_page_context":{"short_desc":"","purpose":"general"},"yoast_head":"<!-- This site is optimized with the Yoast SEO plugin v24.7 - https:\/\/yoast.com\/wordpress\/plugins\/seo\/ -->\n<title>Accueil - La plateforme du d\u00e9barras<\/title>\n<meta name=\"robots\" content=\"index, follow, max-snippet:-1, max-image-preview:large, max-video-preview:-1\" \/>\n<link rel=\"canonical\" href=\"http:\/\/www.laplateformedudebarras.fr\/\" \/>\n<meta property=\"og:locale\" content=\"fr_FR\" \/>\n<meta property=\"og:type\" content=\"article\" \/>\n<meta property=\"og:title\" content=\"Accueil - La plateforme du d\u00e9barras\" \/>\n<meta property=\"og:url\" content=\"http:\/\/www.laplateformedudebarras.fr\/\" \/>\n<meta property=\"og:site_name\" content=\"La plateforme du d\u00e9barras\" \/>\n<meta property=\"article:modified_time\" content=\"2025-03-16T14:44:41+00:00\" \/>\n<meta name=\"twitter:card\" content=\"summary_large_image\" \/>\n<script type=\"application\/ld+json\" class=\"yoast-schema-graph\">{\"@context\":\"https:\/\/schema.org\",\"@graph\":[{\"@type\":\"WebPage\",\"@id\":\"http:\/\/www.laplateformedudebarras.fr\/\",\"url\":\"http:\/\/www.laplateformedudebarras.fr\/\",\"name\":\"Accueil - La plateforme du d\u00e9barras\",\"isPartOf\":{\"@id\":\"http:\/\/www.laplateformedudebarras.fr\/#website\"},\"datePublished\":\"2025-03-15T20:48:34+00:00\",\"dateModified\":\"2025-03-16T14:44:41+00:00\",\"breadcrumb\":{\"@id\":\"http:\/\/www.laplateformedudebarras.fr\/#breadcrumb\"},\"inLanguage\":\"fr-FR\",\"potentialAction\":[{\"@type\":\"ReadAction\",\"target\":[\"http:\/\/www.laplateformedudebarras.fr\/\"]}]},{\"@type\":\"BreadcrumbList\",\"@id\":\"http:\/\/www.laplateformedudebarras.fr\/#breadcrumb\",\"itemListElement\":[{\"@type\":\"ListItem\",\"position\":1,\"name\":\"Accueil\",\"item\":\"http:\/\/www.laplateformedudebarras.fr\/\"},{\"@type\":\"ListItem\",\"position\":2,\"name\":\"Accueil\"}]},{\"@type\":\"WebSite\",\"@id\":\"http:\/\/www.laplateformedudebarras.fr\/#website\",\"url\":\"http:\/\/www.laplateformedudebarras.fr\/\",\"name\":\"La plateforme du d\u00e9barras\",\"description\":\"Le d\u00e9barras malin au c\u0153ur de Lyon\",\"potentialAction\":[{\"@type\":\"SearchAction\",\"target\":{\"@type\":\"EntryPoint\",\"urlTemplate\":\"http:\/\/www.laplateformedudebarras.fr\/?s={search_term_string}\"},\"query-input\":{\"@type\":\"PropertyValueSpecification\",\"valueRequired\":true,\"valueName\":\"search_term_string\"}}],\"inLanguage\":\"fr-FR\"}]}<\/script>\n<!-- \/ Yoast SEO plugin. -->","yoast_head_json":{"title":"Accueil - La plateforme du d\u00e9barras","robots":{"index":"index","follow":"follow","max-snippet":"max-snippet:-1","max-image-preview":"max-image-preview:large","max-video-preview":"max-video-preview:-1"},"canonical":"http:\/\/www.laplateformedudebarras.fr\/","og_locale":"fr_FR","og_type":"article","og_title":"Accueil - La plateforme du d\u00e9barras","og_url":"http:\/\/www.laplateformedudebarras.fr\/","og_site_name":"La plateforme du d\u00e9barras","article_modified_time":"2025-03-16T14:44:41+00:00","twitter_card":"summary_large_image","schema":{"@context":"https:\/\/schema.org","@graph":[{"@type":"WebPage","@id":"http:\/\/www.laplateformedudebarras.fr\/","url":"http:\/\/www.laplateformedudebarras.fr\/","name":"Accueil - La plateforme du d\u00e9barras","isPartOf":{"@id":"http:\/\/www.laplateformedudebarras.fr\/#website"},"datePublished":"2025-03-15T20:48:34+00:00","dateModified":"2025-03-16T14:44:41+00:00","breadcrumb":{"@id":"http:\/\/www.laplateformedudebarras.fr\/#breadcrumb"},"inLanguage":"fr-FR","potentialAction":[{"@type":"ReadAction","target":["http:\/\/www.laplateformedudebarras.fr\/"]}]},{"@type":"BreadcrumbList","@id":"http:\/\/www.laplateformedudebarras.fr\/#breadcrumb","itemListElement":[{"@type":"ListItem","position":1,"name":"Accueil","item":"http:\/\/www.laplateformedudebarras.fr\/"},{"@type":"ListItem","position":2,"name":"Accueil"}]},{"@type":"WebSite","@id":"http:\/\/www.laplateformedudebarras.fr\/#website","url":"http:\/\/www.laplateformedudebarras.fr\/","name":"La plateforme du d\u00e9barras","description":"Le d\u00e9barras malin au c\u0153ur de Lyon","potentialAction":[{"@type":"SearchAction","target":{"@type":"EntryPoint","urlTemplate":"http:\/\/www.laplateformedudebarras.fr\/?s={search_term_string}"},"query-input":{"@type":"PropertyValueSpecification","valueRequired":true,"valueName":"search_term_string"}}],"inLanguage":"fr-FR"}]}},"_links":{"self":[{"href":"https:\/\/www.laplateformedudebarras.fr\/index.php\/wp-json\/wp\/v2\/pages\/22","targetHints":{"allow":["GET"]}}],"collection":[{"href":"https:\/\/www.laplateformedudebarras.fr\/index.php\/wp-json\/wp\/v2\/pages"}],"about":[{"href":"https:\/\/www.laplateformedudebarras.fr\/index.php\/wp-json\/wp\/v2\/types\/page"}],"author":[{"embeddable":true,"href":"https:\/\/www.laplateformedudebarras.fr\/index.php\/wp-json\/wp\/v2\/users\/1"}],"replies":[{"embeddable":true,"href":"https:\/\/www.laplateformedudebarras.fr\/index.php\/wp-json\/wp\/v2\/comments?post=22"}],"version-history":[{"count":8,"href":"https:\/\/www.laplateformedudebarras.fr\/index.php\/wp-json\/wp\/v2\/pages\/22\/revisions"}],"predecessor-version":[{"id":72,"href":"https:\/\/www.laplateformedudebarras.fr\/index.php\/wp-json\/wp\/v2\/pages\/22\/revisions\/72"}],"wp:attachment":[{"href":"https:\/\/www.laplateformedudebarras.fr\/index.php\/wp-json\/wp\/v2\/media?parent=22"}],"curies":[{"name":"wp","href":"https:\/\/api.w.org\/{rel}","templated":true}]}}